{"id":829,"date":"2025-09-17T09:34:28","date_gmt":"2025-09-17T07:34:28","guid":{"rendered":"https:\/\/ripacycle.com\/mentions-legales\/"},"modified":"2025-09-17T09:50:45","modified_gmt":"2025-09-17T07:50:45","slug":"rechtliche-hinweise","status":"publish","type":"page","link":"https:\/\/ripacycle.com\/de\/rechtliche-hinweise\/","title":{"rendered":"Rechtliche Hinweise"},"content":{"rendered":"\n<h2 class=\"wp-block-heading\">1. Pr\u00e4sentation der Website.<\/h2>\n\n\n\n<p>Gem\u00e4\u00df Artikel 6 des Gesetzes Nr. 2004-575 vom 21. Juni 2004 \u00fcber das Vertrauen in die digitale Wirtschaft wird den Nutzern der Website www.ripacycle.com die Identit\u00e4t der verschiedenen Akteure im Rahmen der Erstellung und Betreuung der Website mitgeteilt:<br>Eigent\u00fcmer: SEFMAT &#8211; SAS 32069659400011 &#8211; 7 Rue de Betnoms, 33185 Le Haillan.<br>Designer : Fourmizz<br>Verantwortlicher f\u00fcr die Ver\u00f6ffentlichung: Julien Marigot &#8211; +33 (0)5 56 34 35 18 Der Verantwortliche f\u00fcr die Ver\u00f6ffentlichung ist eine nat\u00fcrliche Person oder eine juristische Person.<br>Webmaster : Fourmizz &#8211; contact@fourmizz.fr<br>Webhoster: OVH &#8211; 2 rue Kellermann 59100 Roubaix.<\/p>\n\n\n\n<h2 class=\"wp-block-heading\">2. Allgemeine Bedingungen f\u00fcr die Nutzung der Website und der angebotenen Dienste.<\/h2>\n\n\n\n<p>Die Nutzung der Website www.ripacycle.com setzt die vollst\u00e4ndige und uneingeschr\u00e4nkte Annahme der nachstehend beschriebenen allgemeinen Nutzungsbedingungen voraus. Diese Nutzungsbedingungen k\u00f6nnen jederzeit ge\u00e4ndert oder erg\u00e4nzt werden. Die Nutzer der Website www.ripacycle.com werden daher gebeten, sie regelm\u00e4\u00dfig zu konsultieren. Diese Website ist normalerweise jederzeit f\u00fcr die Nutzer zug\u00e4nglich. Eine Unterbrechung aufgrund technischer Wartungsarbeiten kann jedoch von SEFMAT beschlossen werden. SEFMAT wird sich dann bem\u00fchen, die Nutzer vorab \u00fcber die Daten und Zeiten des Eingriffs zu informieren. Die Website www.ripacycle.com wird regelm\u00e4\u00dfig von Julien Marigot aktualisiert. Auch die rechtlichen Hinweise k\u00f6nnen jederzeit ge\u00e4ndert werden: Sie sind dennoch f\u00fcr den Nutzer verbindlich, der sie so oft wie m\u00f6glich aufrufen sollte, um sie zur Kenntnis zu nehmen.<\/p>\n\n\n\n<h2 class=\"wp-block-heading\">3. Beschreibung der erbrachten Dienstleistungen.<\/h2>\n\n\n\n<p>Die Website www.ripacycle.com dient der Bereitstellung von Informationen \u00fcber alle Aktivit\u00e4ten des Unternehmens. SEFMAT bem\u00fcht sich, auf der Website www.ripacycle.com so genaue Informationen wie m\u00f6glich bereitzustellen. Sie kann jedoch nicht f\u00fcr Auslassungen, Ungenauigkeiten und M\u00e4ngel in der Aktualisierung haftbar gemacht werden, die von ihr selbst oder von dritten Partnern, die ihr diese Informationen zur Verf\u00fcgung stellen, verursacht werden. Alle auf der Website www.ripacycle.com angegebenen Informationen sind unverbindlich und k\u00f6nnen sich \u00e4ndern. Dar\u00fcber hinaus sind die Informationen auf der Website www.ripacycle.com nicht ersch\u00f6pfend. Sie werden unter dem Vorbehalt von \u00c4nderungen gegeben, die seit ihrer Online-Ver\u00f6ffentlichung vorgenommen wurden.<\/p>\n\n\n\n<h2 class=\"wp-block-heading\">4. Vertragliche Beschr\u00e4nkungen der technischen Daten.<\/h2>\n\n\n\n<p>Die Website verwendet die JavaScript-Technologie. Die Website haftet nicht f\u00fcr materielle Sch\u00e4den, die mit der Nutzung der Website verbunden sind. Dar\u00fcber hinaus verpflichtet sich der Nutzer der Website, auf die Website mit einer aktuellen Hardware, die keine Viren enth\u00e4lt, und mit einem Browser der neuesten Generation, der auf dem neuesten Stand ist, zuzugreifen.<\/p>\n\n\n\n<h2 class=\"wp-block-heading\">5. Geistiges Eigentum und F\u00e4lschungen.<\/h2>\n\n\n\n<p>SEFMAT ist Eigent\u00fcmer der Rechte am geistigen Eigentum oder besitzt die Nutzungsrechte an allen auf der Website zug\u00e4nglichen Elementen, insbesondere an Texten, Bildern, Grafiken, Logos, Icons, Kl\u00e4ngen und Software. Jegliche Reproduktion, Darstellung, \u00c4nderung, Ver\u00f6ffentlichung und Anpassung aller oder eines Teils der Elemente der Website, unabh\u00e4ngig von den verwendeten Mitteln oder Verfahren, ist untersagt, es sei denn, es liegt eine vorherige schriftliche Genehmigung von : SEFMAT. Jede nicht genehmigte Nutzung der Website oder eines ihrer Elemente wird als F\u00e4lschung angesehen und gem\u00e4\u00df den Bestimmungen der Artikel L.335-2 ff. des franz\u00f6sischen Gesetzbuchs \u00fcber geistiges Eigentum (Code de Propri\u00e9t\u00e9 Intellectuelle) verfolgt.<\/p>\n\n\n\n<h2 class=\"wp-block-heading\">6. Einschr\u00e4nkungen der Haftung.<\/h2>\n\n\n\n<p>SEFMAT haftet nicht f\u00fcr direkte und indirekte Sch\u00e4den an der Hardware des Nutzers beim Zugriff auf die Website www.ripacycle.com, die entweder durch die Verwendung einer Hardware verursacht werden, die nicht den in Punkt 4 angegebenen Spezifikationen entspricht, oder durch das Auftreten eines Bugs oder einer Inkompatibilit\u00e4t. SEFMAT haftet auch nicht f\u00fcr indirekte Sch\u00e4den (wie z. B. Marktverlust oder Verlust einer Chance), die sich aus der Nutzung der Website www.ripacycle.com ergeben. Interaktive Bereiche (M\u00f6glichkeit, Fragen im Kontaktbereich zu stellen) stehen den Nutzern zur Verf\u00fcgung. SEFMAT beh\u00e4lt sich das Recht vor, ohne vorherige Ank\u00fcndigung alle in diesem Bereich abgelegten Inhalte zu l\u00f6schen, die gegen die in Frankreich geltenden Gesetze und insbesondere gegen die Bestimmungen zum Datenschutz versto\u00dfen. Gegebenenfalls beh\u00e4lt sich SEFMAT auch die M\u00f6glichkeit vor, den Nutzer zivil- und\/oder strafrechtlich haftbar zu machen, insbesondere bei rassistischen, beleidigenden, diffamierenden oder pornografischen Mitteilungen, unabh\u00e4ngig von den verwendeten Medien (Text, Fotografie&#8230;).<\/p>\n\n\n\n<h2 class=\"wp-block-heading\">7. Umgang mit personenbezogenen Daten.<\/h2>\n\n\n\n<p>In Frankreich werden pers\u00f6nliche Daten insbesondere durch das Gesetz Nr. 78-87 vom 6. Januar 1978, das Gesetz Nr. 2004-801 vom 6. August 2004, Artikel L. 226-13 des Strafgesetzbuches und die Europ\u00e4ische Richtlinie vom 24. Oktober 1995 gesch\u00fctzt. Bei der Nutzung der Website www.ripacycle.com k\u00f6nnen folgende Daten erfasst werden: die URL der Links, \u00fcber die der Nutzer auf die Website www.ripacycle.com gelangt ist, der Zugangsanbieter des Nutzers, die Internetprotokoll-Adresse (IP-Adresse) des Nutzers. In jedem Fall sammelt SEFMAT pers\u00f6nliche Informationen \u00fcber den Nutzer nur f\u00fcr die Zwecke bestimmter Dienstleistungen, die auf der Website www.ripacycle.com angeboten werden. Der Nutzer stellt diese Informationen in voller Kenntnis der Sachlage zur Verf\u00fcgung, insbesondere wenn er sie selbst eingibt. Dem Nutzer der Website www.ripacycle.com wird dann mitgeteilt, ob er diese Informationen bereitstellen muss oder nicht. Gem\u00e4\u00df den Bestimmungen der Artikel 38 ff. des Gesetzes 78-17 vom 6. Januar 1978 \u00fcber Informatik, Dateien und Freiheiten hat jeder Nutzer ein Recht auf Zugang, Berichtigung und Widerspruch zu den ihn betreffenden pers\u00f6nlichen Daten, indem er einen schriftlichen und unterschriebenen Antrag stellt, dem eine Kopie des Identit\u00e4tstitels mit Unterschrift des Inhabers des Dokuments beigef\u00fcgt ist, und die Adresse angibt, an die die Antwort gesendet werden soll. Keine pers\u00f6nlichen Informationen des Nutzers der Website www.ripacycle.com werden ohne Wissen des Nutzers ver\u00f6ffentlicht, ausgetauscht, \u00fcbertragen, abgetreten oder auf einem beliebigen Datentr\u00e4ger an Dritte verkauft. Nur wenn SEFMAT und seine Rechte \u00fcbernommen werden, k\u00f6nnen diese Informationen an einen eventuellen Erwerber weitergegeben werden, der seinerseits die gleiche Verpflichtung zur Aufbewahrung und \u00c4nderung der Daten gegen\u00fcber dem Nutzer der Website www.ripacycle.com hat. Die Website ist nicht bei der CNIL angemeldet, da sie keine pers\u00f6nlichen Informationen sammelt. Die Datenbanken sind durch die Bestimmungen des Gesetzes vom 1. Juli 1998 zur Umsetzung der Richtlinie 96\/9 vom 11. M\u00e4rz 1996 \u00fcber den rechtlichen Schutz von Datenbanken gesch\u00fctzt.<\/p>\n\n\n\n<h2 class=\"wp-block-heading\">8. Hyperlinks und Cookies.<\/h2>\n\n\n\n<p>Die Website www.ripacycle.com enth\u00e4lt eine Reihe von Hypertext-Links zu anderen Websites, die mit der Genehmigung von SEFMAT eingerichtet wurden. SEFMAT hat jedoch nicht die M\u00f6glichkeit, den Inhalt der so besuchten Seiten zu \u00fcberpr\u00fcfen, und \u00fcbernimmt dementsprechend keine Verantwortung daf\u00fcr. Das Surfen auf der Website www.ripacycle.com kann dazu f\u00fchren, dass auf dem Computer des Nutzers ein Cookie(s) installiert wird. Ein Cookie ist eine kleine Datei, die keine Identifizierung des Nutzers erm\u00f6glicht, aber Informationen \u00fcber die Navigation eines Computers auf einer Website speichert. Die so erhaltenen Daten sollen die sp\u00e4tere Navigation auf der Website erleichtern und dienen auch dazu, verschiedene Messungen der Besucherzahlen zu erm\u00f6glichen. Die Ablehnung der Installation eines Cookies kann dazu f\u00fchren, dass bestimmte Dienste nicht zug\u00e4nglich sind. Der Nutzer kann seinen Computer jedoch wie folgt konfigurieren, um die Installation von Cookies abzulehnen: Internet Explorer: Registerkarte Werkzeuge (Zahnradpiktogramm oben rechts) \/ Internetoptionen. Klicken Sie auf Datenschutz und w\u00e4hlen Sie Alle Cookies blockieren. Best\u00e4tigen Sie mit Ok. In Firefox: Klicken Sie oben im Browserfenster auf die Firefox-Schaltfl\u00e4che und gehen Sie dann auf die Registerkarte Optionen. Klicken Sie auf die Registerkarte Datenschutz. Stellen Sie die Aufbewahrungsregeln auf: Benutzerdefinierte Einstellungen f\u00fcr den Verlauf verwenden ein. Entfernen Sie schlie\u00dflich das H\u00e4kchen, um Cookies zu deaktivieren. Unter Safari: Klicken Sie oben rechts im Browser auf das Men\u00fc-Piktogramm (symbolisiert durch ein Zahnrad). W\u00e4hlen Sie Einstellungen aus. Klicken Sie auf Erweiterte Einstellungen anzeigen. Klicken Sie im Abschnitt &#8220;Datenschutz&#8221; auf Inhaltseinstellungen. Im Abschnitt &#8220;Cookies&#8221; k\u00f6nnen Sie Cookies blockieren. Unter Chrome: Klicken Sie oben rechts im Browser auf das Men\u00fc-Piktogramm (symbolisiert durch drei horizontale Linien). W\u00e4hlen Sie Einstellungen aus. Klicken Sie auf Erweiterte Einstellungen anzeigen. Klicken Sie im Abschnitt &#8220;Datenschutz&#8221; auf Einstellungen. Auf der Registerkarte &#8220;Datenschutz&#8221; k\u00f6nnen Sie Cookies blockieren.<\/p>\n\n\n\n<h2 class=\"wp-block-heading\">9. Anwendbares Recht und Gerichtsstand.<\/h2>\n\n\n\n<p>Alle Streitigkeiten im Zusammenhang mit der Nutzung der Website www.ripacycle.com unterliegen dem franz\u00f6sischen Recht. Die ausschlie\u00dfliche Zust\u00e4ndigkeit liegt bei den zust\u00e4ndigen Gerichten in Paris.<\/p>\n\n\n\n<h2 class=\"wp-block-heading\">10. Die wichtigsten betroffenen Gesetze.<\/h2>\n\n\n\n<p>Gesetz Nr. 78-87 vom 6. Januar 1978, insbesondere ge\u00e4ndert durch das Gesetz Nr. 2004-801 vom 6. August 2004 \u00fcber Informatik, Dateien und Freiheitsrechte. Gesetz Nr. 2004-575 vom 21. Juni 2004 f\u00fcr das Vertrauen in die digitale Wirtschaft.<\/p>\n\n\n\n<h2 class=\"wp-block-heading\">11. Lexikon.<\/h2>\n\n\n\n<p>Nutzer: Internetnutzer, der sich einloggt und die oben genannte Website nutzt. Pers\u00f6nliche Informationen: &#8220;Informationen, die in jedweder Form, direkt oder indirekt, die Identifizierung von Personen erm\u00f6glichen&#8221;.<\/p>\n","protected":false},"excerpt":{"rendered":"<p>1. Pr\u00e4sentation der Website. Gem\u00e4\u00df Artikel 6 des Gesetzes Nr. 2004-575 vom 21. Juni 2004 \u00fcber das Vertrauen in die digitale Wirtschaft wird den Nutzern der Website www.ripacycle.com die Identit\u00e4t der verschiedenen Akteure im Rahmen der Erstellung und Betreuung der Website mitgeteilt:Eigent\u00fcmer: SEFMAT &#8211; SAS 32069659400011 &#8211; 7 Rue de Betnoms, 33185 Le Haillan.Designer : [&hellip;]<\/p>\n","protected":false},"author":1,"featured_media":0,"parent":0,"menu_order":20,"comment_status":"closed","ping_status":"closed","template":"page-mentions.php","meta":{"_acf_changed":false,"footnotes":""},"class_list":["post-829","page","type-page","status-publish","hentry"],"acf":[],"yoast_head":"<!-- This site is optimized with the Yoast SEO plugin v27.5 - https:\/\/yoast.com\/product\/yoast-seo-wordpress\/ -->\n<title>Rechtliche Hinweise - Ripacycle<\/title>\n<meta name=\"robots\" content=\"index, follow, max-snippet:-1, max-image-preview:large, max-video-preview:-1\" \/>\n<link rel=\"canonical\" href=\"https:\/\/ripacycle.com\/de\/rechtliche-hinweise\/\" \/>\n<meta property=\"og:locale\" content=\"de_DE\" \/>\n<meta property=\"og:type\" content=\"article\" \/>\n<meta property=\"og:title\" content=\"Rechtliche Hinweise - Ripacycle\" \/>\n<meta property=\"og:description\" content=\"1. Pr\u00e4sentation der Website. Gem\u00e4\u00df Artikel 6 des Gesetzes Nr. 2004-575 vom 21. Juni 2004 \u00fcber das Vertrauen in die digitale Wirtschaft wird den Nutzern der Website www.ripacycle.com die Identit\u00e4t der verschiedenen Akteure im Rahmen der Erstellung und Betreuung der Website mitgeteilt:Eigent\u00fcmer: SEFMAT &#8211; SAS 32069659400011 &#8211; 7 Rue de Betnoms, 33185 Le Haillan.Designer : [&hellip;]\" \/>\n<meta property=\"og:url\" content=\"https:\/\/ripacycle.com\/de\/rechtliche-hinweise\/\" \/>\n<meta property=\"og:site_name\" content=\"Ripacycle\" \/>\n<meta property=\"article:modified_time\" content=\"2025-09-17T07:50:45+00:00\" \/>\n<meta name=\"twitter:card\" content=\"summary_large_image\" \/>\n<meta name=\"twitter:label1\" content=\"Gesch\u00e4tzte Lesezeit\" \/>\n\t<meta name=\"twitter:data1\" content=\"7\u00a0Minute\" \/>\n<script type=\"application\/ld+json\" class=\"yoast-schema-graph\">{\"@context\":\"https:\\\/\\\/schema.org\",\"@graph\":[{\"@type\":\"WebPage\",\"@id\":\"https:\\\/\\\/ripacycle.com\\\/de\\\/rechtliche-hinweise\\\/\",\"url\":\"https:\\\/\\\/ripacycle.com\\\/de\\\/rechtliche-hinweise\\\/\",\"name\":\"Rechtliche Hinweise - Ripacycle\",\"isPartOf\":{\"@id\":\"https:\\\/\\\/ripacycle.com\\\/de\\\/#website\"},\"datePublished\":\"2025-09-17T07:34:28+00:00\",\"dateModified\":\"2025-09-17T07:50:45+00:00\",\"breadcrumb\":{\"@id\":\"https:\\\/\\\/ripacycle.com\\\/de\\\/rechtliche-hinweise\\\/#breadcrumb\"},\"inLanguage\":\"de\",\"potentialAction\":[{\"@type\":\"ReadAction\",\"target\":[\"https:\\\/\\\/ripacycle.com\\\/de\\\/rechtliche-hinweise\\\/\"]}]},{\"@type\":\"BreadcrumbList\",\"@id\":\"https:\\\/\\\/ripacycle.com\\\/de\\\/rechtliche-hinweise\\\/#breadcrumb\",\"itemListElement\":[{\"@type\":\"ListItem\",\"position\":1,\"name\":\"Home\",\"item\":\"https:\\\/\\\/ripacycle.com\\\/de\\\/\"},{\"@type\":\"ListItem\",\"position\":2,\"name\":\"Rechtliche Hinweise\"}]},{\"@type\":\"WebSite\",\"@id\":\"https:\\\/\\\/ripacycle.com\\\/de\\\/#website\",\"url\":\"https:\\\/\\\/ripacycle.com\\\/de\\\/\",\"name\":\"Ripacycle\",\"description\":\"Recycling und Wiederaufbereitung von Schrumpfpistolen\",\"potentialAction\":[{\"@type\":\"SearchAction\",\"target\":{\"@type\":\"EntryPoint\",\"urlTemplate\":\"https:\\\/\\\/ripacycle.com\\\/de\\\/?s={search_term_string}\"},\"query-input\":{\"@type\":\"PropertyValueSpecification\",\"valueRequired\":true,\"valueName\":\"search_term_string\"}}],\"inLanguage\":\"de\"}]}<\/script>\n<!-- \/ Yoast SEO plugin. -->","yoast_head_json":{"title":"Rechtliche Hinweise - Ripacycle","robots":{"index":"index","follow":"follow","max-snippet":"max-snippet:-1","max-image-preview":"max-image-preview:large","max-video-preview":"max-video-preview:-1"},"canonical":"https:\/\/ripacycle.com\/de\/rechtliche-hinweise\/","og_locale":"de_DE","og_type":"article","og_title":"Rechtliche Hinweise - Ripacycle","og_description":"1. Pr\u00e4sentation der Website. Gem\u00e4\u00df Artikel 6 des Gesetzes Nr. 2004-575 vom 21. Juni 2004 \u00fcber das Vertrauen in die digitale Wirtschaft wird den Nutzern der Website www.ripacycle.com die Identit\u00e4t der verschiedenen Akteure im Rahmen der Erstellung und Betreuung der Website mitgeteilt:Eigent\u00fcmer: SEFMAT &#8211; SAS 32069659400011 &#8211; 7 Rue de Betnoms, 33185 Le Haillan.Designer : [&hellip;]","og_url":"https:\/\/ripacycle.com\/de\/rechtliche-hinweise\/","og_site_name":"Ripacycle","article_modified_time":"2025-09-17T07:50:45+00:00","twitter_card":"summary_large_image","twitter_misc":{"Gesch\u00e4tzte Lesezeit":"7\u00a0Minute"},"schema":{"@context":"https:\/\/schema.org","@graph":[{"@type":"WebPage","@id":"https:\/\/ripacycle.com\/de\/rechtliche-hinweise\/","url":"https:\/\/ripacycle.com\/de\/rechtliche-hinweise\/","name":"Rechtliche Hinweise - Ripacycle","isPartOf":{"@id":"https:\/\/ripacycle.com\/de\/#website"},"datePublished":"2025-09-17T07:34:28+00:00","dateModified":"2025-09-17T07:50:45+00:00","breadcrumb":{"@id":"https:\/\/ripacycle.com\/de\/rechtliche-hinweise\/#breadcrumb"},"inLanguage":"de","potentialAction":[{"@type":"ReadAction","target":["https:\/\/ripacycle.com\/de\/rechtliche-hinweise\/"]}]},{"@type":"BreadcrumbList","@id":"https:\/\/ripacycle.com\/de\/rechtliche-hinweise\/#breadcrumb","itemListElement":[{"@type":"ListItem","position":1,"name":"Home","item":"https:\/\/ripacycle.com\/de\/"},{"@type":"ListItem","position":2,"name":"Rechtliche Hinweise"}]},{"@type":"WebSite","@id":"https:\/\/ripacycle.com\/de\/#website","url":"https:\/\/ripacycle.com\/de\/","name":"Ripacycle","description":"Recycling und Wiederaufbereitung von Schrumpfpistolen","potentialAction":[{"@type":"SearchAction","target":{"@type":"EntryPoint","urlTemplate":"https:\/\/ripacycle.com\/de\/?s={search_term_string}"},"query-input":{"@type":"PropertyValueSpecification","valueRequired":true,"valueName":"search_term_string"}}],"inLanguage":"de"}]}},"_links":{"self":[{"href":"https:\/\/ripacycle.com\/de\/wp-json\/wp\/v2\/pages\/829","targetHints":{"allow":["GET"]}}],"collection":[{"href":"https:\/\/ripacycle.com\/de\/wp-json\/wp\/v2\/pages"}],"about":[{"href":"https:\/\/ripacycle.com\/de\/wp-json\/wp\/v2\/types\/page"}],"author":[{"embeddable":true,"href":"https:\/\/ripacycle.com\/de\/wp-json\/wp\/v2\/users\/1"}],"replies":[{"embeddable":true,"href":"https:\/\/ripacycle.com\/de\/wp-json\/wp\/v2\/comments?post=829"}],"version-history":[{"count":1,"href":"https:\/\/ripacycle.com\/de\/wp-json\/wp\/v2\/pages\/829\/revisions"}],"predecessor-version":[{"id":834,"href":"https:\/\/ripacycle.com\/de\/wp-json\/wp\/v2\/pages\/829\/revisions\/834"}],"wp:attachment":[{"href":"https:\/\/ripacycle.com\/de\/wp-json\/wp\/v2\/media?parent=829"}],"curies":[{"name":"wp","href":"https:\/\/api.w.org\/{rel}","templated":true}]}}