{"id":830,"date":"2025-09-17T09:34:28","date_gmt":"2025-09-17T07:34:28","guid":{"rendered":"https:\/\/ripacycle.com\/mentions-legales\/"},"modified":"2025-09-17T09:54:39","modified_gmt":"2025-09-17T07:54:39","slug":"informacion-juridica","status":"publish","type":"page","link":"https:\/\/ripacycle.com\/es\/informacion-juridica\/","title":{"rendered":"Informaci\u00f3n jur\u00eddica"},"content":{"rendered":"\n<h2 class=\"wp-block-heading\">1. Presentaci\u00f3n del sitio.<\/h2>\n\n\n\n<p>De conformidad con el art\u00edculo 6 de la Ley francesa n\u00ba 2004-575, de 21 de junio de 2004, sobre la confianza en la econom\u00eda digital, se informa a los usuarios del sitio web www.ripacycle.com de la identidad de las distintas partes que intervienen en su creaci\u00f3n y seguimiento:<\/p>\n\n\n\n<p>Propietario : SEFMAT \u2013 SAS 32069659400011 \u2013 7 Rue de Betnoms, 33185 Le Haillan, Francia<\/p>\n\n\n\n<p>Creador : Fourmizz<\/p>\n\n\n\n<p>Responsable de la publicaci\u00f3n : Julien Marigot \u2013 +33 (0)5 56 34 35 18 El responsable de la publicaci\u00f3n es una persona f\u00edsica o jur\u00eddica.<\/p>\n\n\n\n<p>Webmaster : Fourmizz \u2013 contact@fourmizz.fr<\/p>\n\n\n\n<p>Anfitri\u00f3n : OVH \u2013 2 rue Kellermann 59100 Roubaix, Francia<\/p>\n\n\n\n<h2 class=\"wp-block-heading\">2. Condiciones generales de uso del sitio y de los servicios ofrecidos.<\/h2>\n\n\n\n<p>El uso del sitio web www.ripacycle.com implica la plena aceptaci\u00f3n de las condiciones generales de uso que se exponen a continuaci\u00f3n. Estas condiciones de uso podr\u00e1n ser modificadas o completadas en cualquier momento, por lo que se aconseja a los usuarios del sitio web www.ripacycle.com que las consulten peri\u00f3dicamente. Este sitio es normalmente accesible a los usuarios en todo momento. No obstante, la SEFMAT puede decidir interrumpir el sitio por motivos de mantenimiento t\u00e9cnico, en cuyo caso procurar\u00e1 informar a los usuarios de las fechas y horas de la intervenci\u00f3n con antelaci\u00f3n. El sitio web www.ripacycle.com es actualizado regularmente por Julien Marigot. Del mismo modo, los avisos legales pueden modificarse en cualquier momento: no obstante, son vinculantes para el usuario, al que se invita a consultarlos con la mayor frecuencia posible para su lectura.<\/p>\n\n\n\n<h2 class=\"wp-block-heading\">3. Descripci\u00f3n de los servicios prestados.<\/h2>\n\n\n\n<p>El objetivo del sitio web www.ripacycle.com es proporcionar informaci\u00f3n sobre todas las actividades de la empresa. SEFMAT se esfuerza por ofrecer en el sitio web www.ripacycle.com informaci\u00f3n lo m\u00e1s exacta posible. No obstante, no podr\u00e1 ser considerada responsable de las omisiones, inexactitudes o lagunas de actualizaci\u00f3n, ya sean imputables a SEFMAT o a terceros que le proporcionen dicha informaci\u00f3n. Toda la informaci\u00f3n proporcionada en el sitio web www.ripacycle.com se facilita a t\u00edtulo meramente informativo y est\u00e1 sujeta a cambios. Adem\u00e1s, la informaci\u00f3n del sitio www.ripacycle.com no es exhaustiva. Se facilita a reserva de las modificaciones que se hayan producido desde su puesta en l\u00ednea.<\/p>\n\n\n\n<h2 class=\"wp-block-heading\">4. Limitaciones contractuales de los datos t\u00e9cnicos.<\/h2>\n\n\n\n<p>El sitio utiliza tecnolog\u00eda JavaScript. El sitio web no se hace responsable de los da\u00f1os materiales relacionados con su uso. Adem\u00e1s, los usuarios del sitio se comprometen a acceder a \u00e9l utilizando equipos recientes, sin virus y con un navegador actualizado de \u00faltima generaci\u00f3n.<\/p>\n\n\n\n<h2 class=\"wp-block-heading\">5. Propiedad intelectual y falsificaci\u00f3n.<\/h2>\n\n\n\n<p>SEFMAT es propietaria de los derechos de propiedad intelectual o titular de los derechos de uso sobre todos los elementos accesibles en el sitio, en particular los textos, im\u00e1genes, gr\u00e1ficos, logotipos, iconos, sonidos y software. Queda prohibida cualquier reproducci\u00f3n, representaci\u00f3n, modificaci\u00f3n, publicaci\u00f3n, adaptaci\u00f3n de la totalidad o parte de los elementos del sitio, sea cual sea el medio o el procedimiento utilizado, salvo autorizaci\u00f3n previa por escrito de : SEFMAT. Cualquier uso no autorizado del sitio o de cualquiera de los elementos que contiene se considerar\u00e1 constitutivo de infracci\u00f3n y ser\u00e1 perseguido de conformidad con lo dispuesto en los art\u00edculos L.335-2 y siguientes del C\u00f3digo franc\u00e9s de la Propiedad Intelectual.<\/p>\n\n\n\n<h2 class=\"wp-block-heading\">6. Limitaci\u00f3n de responsabilidad.<\/h2>\n\n\n\n<p>SEFMAT no podr\u00e1 ser considerada responsable de los da\u00f1os directos e indirectos causados al equipo del usuario al acceder al sitio www.ripacycle.com, y que resulten bien de la utilizaci\u00f3n de un equipo que no responda a las especificaciones indicadas en el punto 4, bien de la aparici\u00f3n de un bug o de una incompatibilidad. SEFMAT tampoco podr\u00e1 ser considerada responsable de los da\u00f1os indirectos (como la p\u00e9rdida de mercado o la p\u00e9rdida de oportunidades) resultantes de la utilizaci\u00f3n del sitio www.ripacycle.com. Los usuarios tienen a su disposici\u00f3n \u00e1reas interactivas (posibilidad de formular preguntas en el \u00e1rea de contacto). SEFMAT se reserva el derecho de suprimir, sin previo aviso, cualquier contenido depositado en este espacio que contravenga la legislaci\u00f3n aplicable en Francia, en particular las disposiciones relativas a la protecci\u00f3n de datos. En su caso, SEFMAT tambi\u00e9n se reserva el derecho de exigir responsabilidades civiles y\/o penales al usuario, especialmente en caso de mensajes de car\u00e1cter racista, insultante, difamatorio o pornogr\u00e1fico, sea cual sea el soporte utilizado (texto, fotograf\u00edas, etc.).<\/p>\n\n\n\n<h2 class=\"wp-block-heading\">7. Gesti\u00f3n de datos personales.<\/h2>\n\n\n\n<p>En Francia, los datos personales est\u00e1n protegidos por la ley n\u00ba 78-87 de 6 de enero de 1978, la ley n\u00ba 2004-801 de 6 de agosto de 2004, el art\u00edculo L. 226-13 del C\u00f3digo Penal y la Directiva Europea de 24 de octubre de 1995. Al utilizar el sitio www.ripacycle.com, es posible que se recopile la siguiente informaci\u00f3n: la URL de los enlaces a trav\u00e9s de los cuales el usuario ha accedido al sitio www.ripacycle.com, el proveedor de acceso del usuario, la direcci\u00f3n del protocolo de Internet (IP) del usuario. En cualquier caso, SEFMAT s\u00f3lo recoge informaci\u00f3n personal relativa al usuario a efectos de determinados servicios ofrecidos por el sitio web www.ripacycle.com. Los usuarios facilitan esta informaci\u00f3n con pleno conocimiento de causa, especialmente cuando la introducen ellos mismos. A continuaci\u00f3n, se informa a los usuarios del sitio web www.ripacycle.com de si est\u00e1n obligados o no a facilitar esta informaci\u00f3n. De conformidad con las disposiciones de los art\u00edculos 38 y siguientes de la Ley 78-17 de 6 de enero de 1978 relativa a la inform\u00e1tica, a los ficheros y a las libertades, todo usuario dispone de un derecho de acceso, de rectificaci\u00f3n y de oposici\u00f3n a los datos de car\u00e1cter personal que le conciernan, mediante solicitud escrita y firmada, acompa\u00f1ada de una copia del documento de identidad con la firma del portador del documento, precisando la direcci\u00f3n a la que debe enviarse la respuesta. Ninguna informaci\u00f3n personal del usuario del sitio www.ripacycle.com es publicada sin su conocimiento, intercambiada, cedida o vendida en ning\u00fan soporte a terceros. S\u00f3lo la hip\u00f3tesis de la recompra de SEFMAT y de sus derechos permitir\u00eda la transmisi\u00f3n de las informaciones antes mencionadas al posible comprador que estar\u00eda a su vez sujeto a la misma obligaci\u00f3n de conservaci\u00f3n y modificaci\u00f3n de los datos con respecto al usuario del sitio www.ripacycle.com. El sitio no ha sido declarado a la CNIL ya que no recoge informaci\u00f3n personal. Las bases de datos est\u00e1n protegidas por las disposiciones de la ley de 1 de julio de 1998 que transpone la directiva 96\/9 de 11 de marzo de 1996 relativa a la protecci\u00f3n jur\u00eddica de las bases de datos.<\/p>\n\n\n\n<h2 class=\"wp-block-heading\">8. Hiperenlaces y cookies.<\/h2>\n\n\n\n<p>El sitio www.ripacycle.com contiene una serie de enlaces de hipertexto hacia otros sitios, establecidos con la autorizaci\u00f3n de SEFMAT. No obstante, SEFMAT no tiene la posibilidad de comprobar el contenido de los sitios visitados de este modo y, en consecuencia, no asume ninguna responsabilidad al respecto. La navegaci\u00f3n por el sitio web www.ripacycle.com puede dar lugar a la instalaci\u00f3n de cookie(s) en el ordenador del usuario. Una cookie es un peque\u00f1o archivo que no permite identificar al usuario, pero que registra informaci\u00f3n relativa a la navegaci\u00f3n de un ordenador en un sitio. Los datos obtenidos de este modo est\u00e1n destinados a facilitar la navegaci\u00f3n posterior por el sitio y tambi\u00e9n se utilizan para medir el n\u00famero de visitantes. El rechazo a instalar una cookie puede imposibilitar el acceso a determinados servicios. No obstante, el usuario puede configurar su ordenador de la siguiente manera para rechazar la instalaci\u00f3n de cookies: Internet Explorer: pesta\u00f1a Herramientas (icono en forma de rueda en la parte superior derecha) \/ Opciones de Internet. Haga clic en Confidencialidad y seleccione Bloquear todas las cookies. Confirme con Ok. Firefox: en la parte superior de la ventana del navegador, haga clic en el bot\u00f3n Firefox y, a continuaci\u00f3n, vaya a la pesta\u00f1a Opciones. Haga clic en la pesta\u00f1a Privacidad. Establezca las Reglas de retenci\u00f3n en: utilizar una configuraci\u00f3n personalizada para el historial. Por \u00faltimo, desmarque para desactivar las cookies. En Safari: haga clic en el icono de men\u00fa (simbolizado por una rueda dentada) situado en la esquina superior derecha del navegador. Selecciona Ajustes. Haga clic en Mostrar configuraci\u00f3n avanzada. En la secci\u00f3n &#8220;Confidencialidad&#8221;, haga clic en Configuraci\u00f3n de contenido. En la secci\u00f3n &#8220;Cookies&#8221;, puede bloquear las cookies. En Chrome: Haga clic en el icono de men\u00fa (simbolizado por tres l\u00edneas horizontales) situado en la esquina superior derecha del navegador. Selecciona Configuraci\u00f3n. Haga clic en Mostrar configuraci\u00f3n avanzada. En la secci\u00f3n &#8220;Confidencialidad&#8221;, haga clic en Preferencias. En la pesta\u00f1a &#8220;Confidencialidad&#8221;, puede bloquear las cookies.<\/p>\n\n\n\n<h2 class=\"wp-block-heading\">9. Legislaci\u00f3n y jurisdicci\u00f3n aplicables.<\/h2>\n\n\n\n<p>Cualquier litigio relacionado con el uso del sitio web www.ripacycle.com est\u00e1 sujeto a la legislaci\u00f3n francesa. Los tribunales competentes de Par\u00eds tienen jurisdicci\u00f3n exclusiva.<\/p>\n\n\n\n<h2 class=\"wp-block-heading\">10. Las principales leyes afectadas.<\/h2>\n\n\n\n<p>Ley n\u00ba 78-87 de 6 de enero de 1978, modificada por la Ley n\u00ba 2004-801 de 6 de agosto de 2004 relativa a la inform\u00e1tica, los ficheros y las libertades. Ley n\u00ba 2004-575 de 21 de junio de 2004 sobre la confianza en la econom\u00eda digital..<\/p>\n\n\n\n<h2 class=\"wp-block-heading\">11. L\u00e9xico.<\/h2>\n\n\n\n<p>Usuario: internauta que se conecta y utiliza el sitio mencionado. Informaci\u00f3n personal: &#8220;informaci\u00f3n que permite, bajo cualquier forma, directa o indirectamente, la identificaci\u00f3n de las personas f\u00edsicas a las que se aplica&#8221; (art\u00edculo 4 de la ley n\u00ba 78-17 de 6 de enero de 1978).<\/p>\n","protected":false},"excerpt":{"rendered":"<p>1. Presentaci\u00f3n del sitio. De conformidad con el art\u00edculo 6 de la Ley francesa n\u00ba 2004-575, de 21 de junio de 2004, sobre la confianza en la econom\u00eda digital, se informa a los usuarios del sitio web www.ripacycle.com de la identidad de las distintas partes que intervienen en su creaci\u00f3n y seguimiento: Propietario : SEFMAT [&hellip;]<\/p>\n","protected":false},"author":1,"featured_media":0,"parent":0,"menu_order":20,"comment_status":"closed","ping_status":"closed","template":"page-mentions.php","meta":{"_acf_changed":false,"footnotes":""},"class_list":["post-830","page","type-page","status-publish","hentry"],"acf":[],"yoast_head":"<!-- This site is optimized with the Yoast SEO plugin v27.5 - https:\/\/yoast.com\/product\/yoast-seo-wordpress\/ -->\n<title>Informaci\u00f3n jur\u00eddica - Ripacycle<\/title>\n<meta name=\"robots\" content=\"index, follow, max-snippet:-1, max-image-preview:large, max-video-preview:-1\" \/>\n<link rel=\"canonical\" href=\"https:\/\/ripacycle.com\/es\/informacion-juridica\/\" \/>\n<meta property=\"og:locale\" content=\"es_ES\" \/>\n<meta property=\"og:type\" content=\"article\" \/>\n<meta property=\"og:title\" content=\"Informaci\u00f3n jur\u00eddica - Ripacycle\" \/>\n<meta property=\"og:description\" content=\"1. Presentaci\u00f3n del sitio. De conformidad con el art\u00edculo 6 de la Ley francesa n\u00ba 2004-575, de 21 de junio de 2004, sobre la confianza en la econom\u00eda digital, se informa a los usuarios del sitio web www.ripacycle.com de la identidad de las distintas partes que intervienen en su creaci\u00f3n y seguimiento: Propietario : SEFMAT [&hellip;]\" \/>\n<meta property=\"og:url\" content=\"https:\/\/ripacycle.com\/es\/informacion-juridica\/\" \/>\n<meta property=\"og:site_name\" content=\"Ripacycle\" \/>\n<meta property=\"article:modified_time\" content=\"2025-09-17T07:54:39+00:00\" \/>\n<meta name=\"twitter:card\" content=\"summary_large_image\" \/>\n<meta name=\"twitter:label1\" content=\"Tiempo de lectura\" \/>\n\t<meta name=\"twitter:data1\" content=\"8 minuto\" \/>\n<script type=\"application\/ld+json\" class=\"yoast-schema-graph\">{\"@context\":\"https:\\\/\\\/schema.org\",\"@graph\":[{\"@type\":\"WebPage\",\"@id\":\"https:\\\/\\\/ripacycle.com\\\/es\\\/informacion-juridica\\\/\",\"url\":\"https:\\\/\\\/ripacycle.com\\\/es\\\/informacion-juridica\\\/\",\"name\":\"Informaci\u00f3n jur\u00eddica - Ripacycle\",\"isPartOf\":{\"@id\":\"https:\\\/\\\/ripacycle.com\\\/es\\\/#website\"},\"datePublished\":\"2025-09-17T07:34:28+00:00\",\"dateModified\":\"2025-09-17T07:54:39+00:00\",\"breadcrumb\":{\"@id\":\"https:\\\/\\\/ripacycle.com\\\/es\\\/informacion-juridica\\\/#breadcrumb\"},\"inLanguage\":\"es\",\"potentialAction\":[{\"@type\":\"ReadAction\",\"target\":[\"https:\\\/\\\/ripacycle.com\\\/es\\\/informacion-juridica\\\/\"]}]},{\"@type\":\"BreadcrumbList\",\"@id\":\"https:\\\/\\\/ripacycle.com\\\/es\\\/informacion-juridica\\\/#breadcrumb\",\"itemListElement\":[{\"@type\":\"ListItem\",\"position\":1,\"name\":\"Home\",\"item\":\"https:\\\/\\\/ripacycle.com\\\/es\\\/\"},{\"@type\":\"ListItem\",\"position\":2,\"name\":\"Informaci\u00f3n jur\u00eddica\"}]},{\"@type\":\"WebSite\",\"@id\":\"https:\\\/\\\/ripacycle.com\\\/es\\\/#website\",\"url\":\"https:\\\/\\\/ripacycle.com\\\/es\\\/\",\"name\":\"Ripacycle\",\"description\":\"Reciclaje y reacondicionamiento de pistolas de retracci\u00f3n\",\"potentialAction\":[{\"@type\":\"SearchAction\",\"target\":{\"@type\":\"EntryPoint\",\"urlTemplate\":\"https:\\\/\\\/ripacycle.com\\\/es\\\/?s={search_term_string}\"},\"query-input\":{\"@type\":\"PropertyValueSpecification\",\"valueRequired\":true,\"valueName\":\"search_term_string\"}}],\"inLanguage\":\"es\"}]}<\/script>\n<!-- \/ Yoast SEO plugin. -->","yoast_head_json":{"title":"Informaci\u00f3n jur\u00eddica - Ripacycle","robots":{"index":"index","follow":"follow","max-snippet":"max-snippet:-1","max-image-preview":"max-image-preview:large","max-video-preview":"max-video-preview:-1"},"canonical":"https:\/\/ripacycle.com\/es\/informacion-juridica\/","og_locale":"es_ES","og_type":"article","og_title":"Informaci\u00f3n jur\u00eddica - Ripacycle","og_description":"1. Presentaci\u00f3n del sitio. De conformidad con el art\u00edculo 6 de la Ley francesa n\u00ba 2004-575, de 21 de junio de 2004, sobre la confianza en la econom\u00eda digital, se informa a los usuarios del sitio web www.ripacycle.com de la identidad de las distintas partes que intervienen en su creaci\u00f3n y seguimiento: Propietario : SEFMAT [&hellip;]","og_url":"https:\/\/ripacycle.com\/es\/informacion-juridica\/","og_site_name":"Ripacycle","article_modified_time":"2025-09-17T07:54:39+00:00","twitter_card":"summary_large_image","twitter_misc":{"Tiempo de lectura":"8 minuto"},"schema":{"@context":"https:\/\/schema.org","@graph":[{"@type":"WebPage","@id":"https:\/\/ripacycle.com\/es\/informacion-juridica\/","url":"https:\/\/ripacycle.com\/es\/informacion-juridica\/","name":"Informaci\u00f3n jur\u00eddica - Ripacycle","isPartOf":{"@id":"https:\/\/ripacycle.com\/es\/#website"},"datePublished":"2025-09-17T07:34:28+00:00","dateModified":"2025-09-17T07:54:39+00:00","breadcrumb":{"@id":"https:\/\/ripacycle.com\/es\/informacion-juridica\/#breadcrumb"},"inLanguage":"es","potentialAction":[{"@type":"ReadAction","target":["https:\/\/ripacycle.com\/es\/informacion-juridica\/"]}]},{"@type":"BreadcrumbList","@id":"https:\/\/ripacycle.com\/es\/informacion-juridica\/#breadcrumb","itemListElement":[{"@type":"ListItem","position":1,"name":"Home","item":"https:\/\/ripacycle.com\/es\/"},{"@type":"ListItem","position":2,"name":"Informaci\u00f3n jur\u00eddica"}]},{"@type":"WebSite","@id":"https:\/\/ripacycle.com\/es\/#website","url":"https:\/\/ripacycle.com\/es\/","name":"Ripacycle","description":"Reciclaje y reacondicionamiento de pistolas de retracci\u00f3n","potentialAction":[{"@type":"SearchAction","target":{"@type":"EntryPoint","urlTemplate":"https:\/\/ripacycle.com\/es\/?s={search_term_string}"},"query-input":{"@type":"PropertyValueSpecification","valueRequired":true,"valueName":"search_term_string"}}],"inLanguage":"es"}]}},"_links":{"self":[{"href":"https:\/\/ripacycle.com\/es\/wp-json\/wp\/v2\/pages\/830","targetHints":{"allow":["GET"]}}],"collection":[{"href":"https:\/\/ripacycle.com\/es\/wp-json\/wp\/v2\/pages"}],"about":[{"href":"https:\/\/ripacycle.com\/es\/wp-json\/wp\/v2\/types\/page"}],"author":[{"embeddable":true,"href":"https:\/\/ripacycle.com\/es\/wp-json\/wp\/v2\/users\/1"}],"replies":[{"embeddable":true,"href":"https:\/\/ripacycle.com\/es\/wp-json\/wp\/v2\/comments?post=830"}],"version-history":[{"count":1,"href":"https:\/\/ripacycle.com\/es\/wp-json\/wp\/v2\/pages\/830\/revisions"}],"predecessor-version":[{"id":837,"href":"https:\/\/ripacycle.com\/es\/wp-json\/wp\/v2\/pages\/830\/revisions\/837"}],"wp:attachment":[{"href":"https:\/\/ripacycle.com\/es\/wp-json\/wp\/v2\/media?parent=830"}],"curies":[{"name":"wp","href":"https:\/\/api.w.org\/{rel}","templated":true}]}}